{"id":30327,"date":"2025-10-27T16:15:32","date_gmt":"2025-10-27T16:15:32","guid":{"rendered":"https:\/\/morson-edge.com\/?page_id=30327"},"modified":"2026-04-30T10:56:43","modified_gmt":"2026-04-30T09:56:43","slug":"nos-politiques","status":"publish","type":"page","link":"https:\/\/morson-edge.com\/fr_ca\/nos-politiques\/","title":{"rendered":"Nos politiques"},"content":{"rendered":"<p>Nos politiques, proc\u00e9dures et accr\u00e9ditations \u00e9tayent les normes les plus \u00e9lev\u00e9es en mati\u00e8re de conduite \u00e9thique, de gouvernance et de responsabilit\u00e9 pour chaque projet, partenariat et placement.<\/p>\n\n\n\n<p>Nous agissons avec transparence et responsabilit\u00e9, non seulement au sein de nos propres \u00e9quipes, mais aussi dans l'ensemble de notre \u00e9cosyst\u00e8me de clients, de fournisseurs et de partenaires. De la pr\u00e9vention de la corruption et de l'esclavage moderne \u00e0 la sant\u00e9, la s\u00e9curit\u00e9 et la protection des donn\u00e9es, nos cadres garantissent que toutes les personnes li\u00e9es \u00e0 Morson Edge op\u00e8rent avec le m\u00eame engagement en mati\u00e8re d'\u00e9quit\u00e9, de respect et de meilleures pratiques \u00e9thiques.<\/p>","protected":false},"excerpt":{"rendered":"<p>Our policies, procedures, and accreditations underpin the highest standards of ethical conduct, governance, and accountability across every project, partnership and [&hellip;]<\/p>","protected":false},"author":10,"featured_media":0,"parent":0,"menu_order":0,"comment_status":"closed","ping_status":"closed","template":"","meta":{"_acf_changed":false,"footnotes":""},"class_list":["post-30327","page","type-page","status-publish","hentry"],"acf":[],"yoast_head":"<!-- This site is optimized with the Yoast SEO plugin v26.3 - https:\/\/yoast.com\/wordpress\/plugins\/seo\/ -->\n<title>Our Policies - Morson Edge<\/title>\n<meta name=\"description\" content=\"Explore Morson Edge\u2019s policies to ensure transparency, fairness and responsible business practices.\" \/>\n<meta name=\"robots\" content=\"index, follow, max-snippet:-1, max-image-preview:large, max-video-preview:-1\" \/>\n<link rel=\"canonical\" href=\"https:\/\/morson-edge.com\/fr_ca\/nos-politiques\/\" \/>\n<meta property=\"og:locale\" content=\"fr_CA\" \/>\n<meta property=\"og:type\" content=\"article\" \/>\n<meta property=\"og:title\" content=\"Our Policies - Morson Edge\" \/>\n<meta property=\"og:description\" content=\"Explore Morson Edge\u2019s policies to ensure transparency, fairness and responsible business practices.\" \/>\n<meta property=\"og:url\" content=\"https:\/\/morson-edge.com\/fr_ca\/nos-politiques\/\" \/>\n<meta property=\"og:site_name\" content=\"Morson Edge\" \/>\n<meta property=\"article:modified_time\" content=\"2026-04-30T09:56:43+00:00\" \/>\n<meta name=\"twitter:card\" content=\"summary_large_image\" \/>\n<meta name=\"twitter:label1\" content=\"Estimation du temps de lecture\" \/>\n\t<meta name=\"twitter:data1\" content=\"1 minute\" \/>\n<script type=\"application\/ld+json\" class=\"yoast-schema-graph\">{\"@context\":\"https:\/\/schema.org\",\"@graph\":[{\"@type\":\"WebPage\",\"@id\":\"https:\/\/morson-edge.com\/our-policies\/\",\"url\":\"https:\/\/morson-edge.com\/our-policies\/\",\"name\":\"Our Policies - Morson Edge\",\"isPartOf\":{\"@id\":\"https:\/\/morson-edge.com\/#website\"},\"datePublished\":\"2025-10-27T16:15:32+00:00\",\"dateModified\":\"2026-04-30T09:56:43+00:00\",\"description\":\"Explore Morson Edge\u2019s policies to ensure transparency, fairness and responsible business practices.\",\"breadcrumb\":{\"@id\":\"https:\/\/morson-edge.com\/our-policies\/#breadcrumb\"},\"inLanguage\":\"fr-CA\",\"potentialAction\":[{\"@type\":\"ReadAction\",\"target\":[\"https:\/\/morson-edge.com\/our-policies\/\"]}]},{\"@type\":\"BreadcrumbList\",\"@id\":\"https:\/\/morson-edge.com\/our-policies\/#breadcrumb\",\"itemListElement\":[{\"@type\":\"ListItem\",\"position\":1,\"name\":\"Home\",\"item\":\"https:\/\/morson-edge.com\/\"},{\"@type\":\"ListItem\",\"position\":2,\"name\":\"Our Policies\"}]},{\"@type\":\"WebSite\",\"@id\":\"https:\/\/morson-edge.com\/#website\",\"url\":\"https:\/\/morson-edge.com\/\",\"name\":\"Morson Edge\",\"description\":\"Supplying specialist talent\",\"publisher\":{\"@id\":\"https:\/\/morson-edge.com\/#organization\"},\"potentialAction\":[{\"@type\":\"SearchAction\",\"target\":{\"@type\":\"EntryPoint\",\"urlTemplate\":\"https:\/\/morson-edge.com\/?s={search_term_string}\"},\"query-input\":{\"@type\":\"PropertyValueSpecification\",\"valueRequired\":true,\"valueName\":\"search_term_string\"}}],\"inLanguage\":\"fr-CA\"},{\"@type\":\"Organization\",\"@id\":\"https:\/\/morson-edge.com\/#organization\",\"name\":\"Morson Edge\",\"url\":\"https:\/\/morson-edge.com\/\",\"logo\":{\"@type\":\"ImageObject\",\"inLanguage\":\"fr-CA\",\"@id\":\"https:\/\/morson-edge.com\/#\/schema\/logo\/image\/\",\"url\":\"\/wp-content\/uploads\/sites\/4\/2025\/10\/Morson_Logo_EDGE_RGB-scaled.png\",\"contentUrl\":\"\/wp-content\/uploads\/sites\/4\/2025\/10\/Morson_Logo_EDGE_RGB-scaled.png\",\"width\":2560,\"height\":296,\"caption\":\"Morson Edge\"},\"image\":{\"@id\":\"https:\/\/morson-edge.com\/#\/schema\/logo\/image\/\"}}]}<\/script>\n<!-- \/ Yoast SEO plugin. -->","yoast_head_json":{"title":"Nos politiques - Morson Edge","description":"D\u00e9couvrez les politiques de Morson Edge visant \u00e0 garantir la transparence, l'\u00e9quit\u00e9 et des pratiques commerciales responsables.","robots":{"index":"index","follow":"follow","max-snippet":"max-snippet:-1","max-image-preview":"max-image-preview:large","max-video-preview":"max-video-preview:-1"},"canonical":"https:\/\/morson-edge.com\/fr_ca\/nos-politiques\/","og_locale":"fr_CA","og_type":"article","og_title":"Our Policies - Morson Edge","og_description":"Explore Morson Edge\u2019s policies to ensure transparency, fairness and responsible business practices.","og_url":"https:\/\/morson-edge.com\/fr_ca\/nos-politiques\/","og_site_name":"Morson Edge","article_modified_time":"2026-04-30T09:56:43+00:00","twitter_card":"summary_large_image","twitter_misc":{"Estimation du temps de lecture":"1 minute"},"schema":{"@context":"https:\/\/schema.org","@graph":[{"@type":"WebPage","@id":"https:\/\/morson-edge.com\/our-policies\/","url":"https:\/\/morson-edge.com\/our-policies\/","name":"Nos politiques - Morson Edge","isPartOf":{"@id":"https:\/\/morson-edge.com\/#website"},"datePublished":"2025-10-27T16:15:32+00:00","dateModified":"2026-04-30T09:56:43+00:00","description":"D\u00e9couvrez les politiques de Morson Edge visant \u00e0 garantir la transparence, l'\u00e9quit\u00e9 et des pratiques commerciales responsables.","breadcrumb":{"@id":"https:\/\/morson-edge.com\/our-policies\/#breadcrumb"},"inLanguage":"fr-CA","potentialAction":[{"@type":"ReadAction","target":["https:\/\/morson-edge.com\/our-policies\/"]}]},{"@type":"BreadcrumbList","@id":"https:\/\/morson-edge.com\/our-policies\/#breadcrumb","itemListElement":[{"@type":"ListItem","position":1,"name":"Home","item":"https:\/\/morson-edge.com\/"},{"@type":"ListItem","position":2,"name":"Our Policies"}]},{"@type":"WebSite","@id":"https:\/\/morson-edge.com\/#website","url":"https:\/\/morson-edge.com\/","name":"Morson Edge","description":"Fournir des talents sp\u00e9cialis\u00e9s","publisher":{"@id":"https:\/\/morson-edge.com\/#organization"},"potentialAction":[{"@type":"SearchAction","target":{"@type":"EntryPoint","urlTemplate":"https:\/\/morson-edge.com\/?s={search_term_string}"},"query-input":{"@type":"PropertyValueSpecification","valueRequired":true,"valueName":"search_term_string"}}],"inLanguage":"fr-CA"},{"@type":"Organization","@id":"https:\/\/morson-edge.com\/#organization","name":"Morson Edge","url":"https:\/\/morson-edge.com\/","logo":{"@type":"ImageObject","inLanguage":"fr-CA","@id":"https:\/\/morson-edge.com\/#\/schema\/logo\/image\/","url":"\/wp-content\/uploads\/sites\/4\/2025\/10\/Morson_Logo_EDGE_RGB-scaled.png","contentUrl":"\/wp-content\/uploads\/sites\/4\/2025\/10\/Morson_Logo_EDGE_RGB-scaled.png","width":2560,"height":296,"caption":"Morson Edge"},"image":{"@id":"https:\/\/morson-edge.com\/#\/schema\/logo\/image\/"}}]}},"_links":{"self":[{"href":"https:\/\/morson-edge.com\/fr_ca\/wp-json\/wp\/v2\/pages\/30327","targetHints":{"allow":["GET"]}}],"collection":[{"href":"https:\/\/morson-edge.com\/fr_ca\/wp-json\/wp\/v2\/pages"}],"about":[{"href":"https:\/\/morson-edge.com\/fr_ca\/wp-json\/wp\/v2\/types\/page"}],"author":[{"embeddable":true,"href":"https:\/\/morson-edge.com\/fr_ca\/wp-json\/wp\/v2\/users\/10"}],"replies":[{"embeddable":true,"href":"https:\/\/morson-edge.com\/fr_ca\/wp-json\/wp\/v2\/comments?post=30327"}],"version-history":[{"count":25,"href":"https:\/\/morson-edge.com\/fr_ca\/wp-json\/wp\/v2\/pages\/30327\/revisions"}],"predecessor-version":[{"id":32278,"href":"https:\/\/morson-edge.com\/fr_ca\/wp-json\/wp\/v2\/pages\/30327\/revisions\/32278"}],"wp:attachment":[{"href":"https:\/\/morson-edge.com\/fr_ca\/wp-json\/wp\/v2\/media?parent=30327"}],"curies":[{"name":"wp","href":"https:\/\/api.w.org\/{rel}","templated":true}]}}