{"id":29493,"date":"2025-10-10T14:32:43","date_gmt":"2025-10-10T13:32:43","guid":{"rendered":"https:\/\/morson-edge.com\/?page_id=29493"},"modified":"2025-11-20T09:35:23","modified_gmt":"2025-11-20T09:35:23","slug":"competences","status":"publish","type":"page","link":"https:\/\/morson-edge.com\/fr_ca\/competences\/","title":{"rendered":"Comp\u00e9tences"},"content":{"rendered":"<p>Chez Morson Edge, nous savons que la productivit\u00e9 commence avec les gens - et que le progr\u00e8s d\u00e9pend de leurs comp\u00e9tences. Nous d\u00e9veloppons, renfor\u00e7ons et maintenons les capacit\u00e9s dans les domaines de l'ing\u00e9nierie, de la technologie, de l'\u00e9nergie et de l'infrastructure, en mettant en relation les sp\u00e9cialistes d'aujourd'hui et en d\u00e9veloppant la prochaine g\u00e9n\u00e9ration de talents techniques. En nous appuyant sur des donn\u00e9es et une connaissance approfondie du march\u00e9, nous mettons en ad\u00e9quation les comp\u00e9tences et les d\u00e9fis, cr\u00e9ant ainsi une main-d'\u0153uvre r\u00e9siliente, pr\u00eate \u00e0 s'adapter, \u00e0 \u00eatre performante et \u00e0 se d\u00e9velopper.<br><\/p>","protected":false},"excerpt":{"rendered":"<p>At Morson Edge, we know productivity starts with people \u2013 and progress depends on their skills. We build, strengthen, and [&hellip;]<\/p>","protected":false},"author":2,"featured_media":30576,"parent":0,"menu_order":0,"comment_status":"closed","ping_status":"closed","template":"","meta":{"_acf_changed":false,"footnotes":""},"class_list":["post-29493","page","type-page","status-publish","has-post-thumbnail","hentry"],"acf":[],"yoast_head":"<!-- This site is optimized with the Yoast SEO plugin v26.3 - https:\/\/yoast.com\/wordpress\/plugins\/seo\/ -->\n<title>Your Workforce Solutions Partner - Morson Edge<\/title>\n<meta name=\"description\" content=\"Morson Edge is the sharp end of workforce strategy. Whatever the challenge, we match it with the right model. Fast, flexible and on point.\" \/>\n<meta name=\"robots\" content=\"index, follow, max-snippet:-1, max-image-preview:large, max-video-preview:-1\" \/>\n<link rel=\"canonical\" href=\"https:\/\/morson-edge.com\/fr_ca\/competences\/\" \/>\n<meta property=\"og:locale\" content=\"fr_CA\" \/>\n<meta property=\"og:type\" content=\"article\" \/>\n<meta property=\"og:title\" content=\"Your Workforce Solutions Partner - Morson Edge\" \/>\n<meta property=\"og:description\" content=\"Morson Edge is the sharp end of workforce strategy. Whatever the challenge, we match it with the right model. Fast, flexible and on point.\" \/>\n<meta property=\"og:url\" content=\"https:\/\/morson-edge.com\/fr_ca\/competences\/\" \/>\n<meta property=\"og:site_name\" content=\"Morson Edge\" \/>\n<meta property=\"article:modified_time\" content=\"2025-11-20T09:35:23+00:00\" \/>\n<meta property=\"og:image\" content=\"https:\/\/morson-edge.com\/wp-content\/uploads\/sites\/4\/2025\/10\/All-Disciplines_Header-1024x683.png\" \/>\n\t<meta property=\"og:image:width\" content=\"1024\" \/>\n\t<meta property=\"og:image:height\" content=\"683\" \/>\n\t<meta property=\"og:image:type\" content=\"image\/png\" \/>\n<meta name=\"twitter:card\" content=\"summary_large_image\" \/>\n<meta name=\"twitter:label1\" content=\"Estimation du temps de lecture\" \/>\n\t<meta name=\"twitter:data1\" content=\"3 minutes\" \/>\n<script type=\"application\/ld+json\" class=\"yoast-schema-graph\">{\"@context\":\"https:\/\/schema.org\",\"@graph\":[{\"@type\":\"WebPage\",\"@id\":\"https:\/\/morson-edge.com\/skills\/\",\"url\":\"https:\/\/morson-edge.com\/skills\/\",\"name\":\"Your Workforce Solutions Partner - Morson Edge\",\"isPartOf\":{\"@id\":\"https:\/\/morson-edge.com\/#website\"},\"primaryImageOfPage\":{\"@id\":\"https:\/\/morson-edge.com\/skills\/#primaryimage\"},\"image\":{\"@id\":\"https:\/\/morson-edge.com\/skills\/#primaryimage\"},\"thumbnailUrl\":\"\/wp-content\/uploads\/sites\/4\/2025\/10\/All-Disciplines_Header-scaled.png\",\"datePublished\":\"2025-10-10T13:32:43+00:00\",\"dateModified\":\"2025-11-20T09:35:23+00:00\",\"description\":\"Morson Edge is the sharp end of workforce strategy. Whatever the challenge, we match it with the right model. Fast, flexible and on point.\",\"breadcrumb\":{\"@id\":\"https:\/\/morson-edge.com\/skills\/#breadcrumb\"},\"inLanguage\":\"fr-CA\",\"potentialAction\":[{\"@type\":\"ReadAction\",\"target\":[\"https:\/\/morson-edge.com\/skills\/\"]}]},{\"@type\":\"ImageObject\",\"inLanguage\":\"fr-CA\",\"@id\":\"https:\/\/morson-edge.com\/skills\/#primaryimage\",\"url\":\"\/wp-content\/uploads\/sites\/4\/2025\/10\/All-Disciplines_Header-scaled.png\",\"contentUrl\":\"\/wp-content\/uploads\/sites\/4\/2025\/10\/All-Disciplines_Header-scaled.png\",\"width\":2560,\"height\":1709},{\"@type\":\"BreadcrumbList\",\"@id\":\"https:\/\/morson-edge.com\/skills\/#breadcrumb\",\"itemListElement\":[{\"@type\":\"ListItem\",\"position\":1,\"name\":\"Home\",\"item\":\"https:\/\/morson-edge.com\/\"},{\"@type\":\"ListItem\",\"position\":2,\"name\":\"Skills\"}]},{\"@type\":\"WebSite\",\"@id\":\"https:\/\/morson-edge.com\/#website\",\"url\":\"https:\/\/morson-edge.com\/\",\"name\":\"Morson Edge\",\"description\":\"Supplying specialist talent\",\"publisher\":{\"@id\":\"https:\/\/morson-edge.com\/#organization\"},\"potentialAction\":[{\"@type\":\"SearchAction\",\"target\":{\"@type\":\"EntryPoint\",\"urlTemplate\":\"https:\/\/morson-edge.com\/?s={search_term_string}\"},\"query-input\":{\"@type\":\"PropertyValueSpecification\",\"valueRequired\":true,\"valueName\":\"search_term_string\"}}],\"inLanguage\":\"fr-CA\"},{\"@type\":\"Organization\",\"@id\":\"https:\/\/morson-edge.com\/#organization\",\"name\":\"Morson Edge\",\"url\":\"https:\/\/morson-edge.com\/\",\"logo\":{\"@type\":\"ImageObject\",\"inLanguage\":\"fr-CA\",\"@id\":\"https:\/\/morson-edge.com\/#\/schema\/logo\/image\/\",\"url\":\"\/wp-content\/uploads\/sites\/4\/2025\/10\/Morson_Logo_EDGE_RGB-scaled.png\",\"contentUrl\":\"\/wp-content\/uploads\/sites\/4\/2025\/10\/Morson_Logo_EDGE_RGB-scaled.png\",\"width\":2560,\"height\":296,\"caption\":\"Morson Edge\"},\"image\":{\"@id\":\"https:\/\/morson-edge.com\/#\/schema\/logo\/image\/\"}}]}<\/script>\n<!-- \/ Yoast SEO plugin. -->","yoast_head_json":{"title":"Votre partenaire pour les solutions de main-d'\u0153uvre - Morson Edge","description":"Morson Edge est le point de mire de la strat\u00e9gie en mati\u00e8re de main-d'\u0153uvre. Quel que soit le d\u00e9fi \u00e0 relever, nous le faisons correspondre au mod\u00e8le ad\u00e9quat. Rapide, flexible et pertinent.","robots":{"index":"index","follow":"follow","max-snippet":"max-snippet:-1","max-image-preview":"max-image-preview:large","max-video-preview":"max-video-preview:-1"},"canonical":"https:\/\/morson-edge.com\/fr_ca\/competences\/","og_locale":"fr_CA","og_type":"article","og_title":"Your Workforce Solutions Partner - Morson Edge","og_description":"Morson Edge is the sharp end of workforce strategy. Whatever the challenge, we match it with the right model. Fast, flexible and on point.","og_url":"https:\/\/morson-edge.com\/fr_ca\/competences\/","og_site_name":"Morson Edge","article_modified_time":"2025-11-20T09:35:23+00:00","og_image":[{"width":1024,"height":683,"url":"https:\/\/morson-edge.com\/wp-content\/uploads\/sites\/4\/2025\/10\/All-Disciplines_Header-1024x683.png","type":"image\/png"}],"twitter_card":"summary_large_image","twitter_misc":{"Estimation du temps de lecture":"3 minutes"},"schema":{"@context":"https:\/\/schema.org","@graph":[{"@type":"WebPage","@id":"https:\/\/morson-edge.com\/skills\/","url":"https:\/\/morson-edge.com\/skills\/","name":"Votre partenaire pour les solutions de main-d'\u0153uvre - Morson Edge","isPartOf":{"@id":"https:\/\/morson-edge.com\/#website"},"primaryImageOfPage":{"@id":"https:\/\/morson-edge.com\/skills\/#primaryimage"},"image":{"@id":"https:\/\/morson-edge.com\/skills\/#primaryimage"},"thumbnailUrl":"\/wp-content\/uploads\/sites\/4\/2025\/10\/All-Disciplines_Header-scaled.png","datePublished":"2025-10-10T13:32:43+00:00","dateModified":"2025-11-20T09:35:23+00:00","description":"Morson Edge est le point de mire de la strat\u00e9gie en mati\u00e8re de main-d'\u0153uvre. Quel que soit le d\u00e9fi \u00e0 relever, nous le faisons correspondre au mod\u00e8le ad\u00e9quat. Rapide, flexible et pertinent.","breadcrumb":{"@id":"https:\/\/morson-edge.com\/skills\/#breadcrumb"},"inLanguage":"fr-CA","potentialAction":[{"@type":"ReadAction","target":["https:\/\/morson-edge.com\/skills\/"]}]},{"@type":"ImageObject","inLanguage":"fr-CA","@id":"https:\/\/morson-edge.com\/skills\/#primaryimage","url":"\/wp-content\/uploads\/sites\/4\/2025\/10\/All-Disciplines_Header-scaled.png","contentUrl":"\/wp-content\/uploads\/sites\/4\/2025\/10\/All-Disciplines_Header-scaled.png","width":2560,"height":1709},{"@type":"BreadcrumbList","@id":"https:\/\/morson-edge.com\/skills\/#breadcrumb","itemListElement":[{"@type":"ListItem","position":1,"name":"Home","item":"https:\/\/morson-edge.com\/"},{"@type":"ListItem","position":2,"name":"Skills"}]},{"@type":"WebSite","@id":"https:\/\/morson-edge.com\/#website","url":"https:\/\/morson-edge.com\/","name":"Morson Edge","description":"Fournir des talents sp\u00e9cialis\u00e9s","publisher":{"@id":"https:\/\/morson-edge.com\/#organization"},"potentialAction":[{"@type":"SearchAction","target":{"@type":"EntryPoint","urlTemplate":"https:\/\/morson-edge.com\/?s={search_term_string}"},"query-input":{"@type":"PropertyValueSpecification","valueRequired":true,"valueName":"search_term_string"}}],"inLanguage":"fr-CA"},{"@type":"Organization","@id":"https:\/\/morson-edge.com\/#organization","name":"Morson Edge","url":"https:\/\/morson-edge.com\/","logo":{"@type":"ImageObject","inLanguage":"fr-CA","@id":"https:\/\/morson-edge.com\/#\/schema\/logo\/image\/","url":"\/wp-content\/uploads\/sites\/4\/2025\/10\/Morson_Logo_EDGE_RGB-scaled.png","contentUrl":"\/wp-content\/uploads\/sites\/4\/2025\/10\/Morson_Logo_EDGE_RGB-scaled.png","width":2560,"height":296,"caption":"Morson Edge"},"image":{"@id":"https:\/\/morson-edge.com\/#\/schema\/logo\/image\/"}}]}},"_links":{"self":[{"href":"https:\/\/morson-edge.com\/fr_ca\/wp-json\/wp\/v2\/pages\/29493","targetHints":{"allow":["GET"]}}],"collection":[{"href":"https:\/\/morson-edge.com\/fr_ca\/wp-json\/wp\/v2\/pages"}],"about":[{"href":"https:\/\/morson-edge.com\/fr_ca\/wp-json\/wp\/v2\/types\/page"}],"author":[{"embeddable":true,"href":"https:\/\/morson-edge.com\/fr_ca\/wp-json\/wp\/v2\/users\/2"}],"replies":[{"embeddable":true,"href":"https:\/\/morson-edge.com\/fr_ca\/wp-json\/wp\/v2\/comments?post=29493"}],"version-history":[{"count":25,"href":"https:\/\/morson-edge.com\/fr_ca\/wp-json\/wp\/v2\/pages\/29493\/revisions"}],"predecessor-version":[{"id":31334,"href":"https:\/\/morson-edge.com\/fr_ca\/wp-json\/wp\/v2\/pages\/29493\/revisions\/31334"}],"wp:featuredmedia":[{"embeddable":true,"href":"https:\/\/morson-edge.com\/fr_ca\/wp-json\/wp\/v2\/media\/30576"}],"wp:attachment":[{"href":"https:\/\/morson-edge.com\/fr_ca\/wp-json\/wp\/v2\/media?parent=29493"}],"curies":[{"name":"wp","href":"https:\/\/api.w.org\/{rel}","templated":true}]}}