{"id":28926,"date":"2025-07-31T16:35:40","date_gmt":"2025-07-31T15:35:40","guid":{"rendered":"https:\/\/morson-edge.com\/?page_id=28926"},"modified":"2025-12-11T09:14:20","modified_gmt":"2025-12-11T09:14:20","slug":"contacter-morson-edge","status":"publish","type":"page","link":"https:\/\/morson-edge.com\/fr_ca\/contacter-morson-edge\/","title":{"rendered":"Contactez nous"},"content":{"rendered":"<p class=\"has-medium-font-size\"><\/p>\n\n\n\n<p>Vous avez un d\u00e9fi \u00e0 relever ou un projet qui a besoin des bonnes personnes pour le mener \u00e0 bien ? Vous \u00eates au bon endroit.<br>Chez Morson Edge, nous mettons en relation des esprits vifs avec des missions complexes, de l'ing\u00e9nierie et de l'\u00e9nergie \u00e0 la technologie, la d\u00e9fense et l'infrastructure. <\/p>\n\n\n\n<p>Que vous ayez besoin d'un soutien strat\u00e9gique en mati\u00e8re de main-d'\u0153uvre, de talents sp\u00e9cialis\u00e9s ou d'un partenaire qui se contente de faire ce qu'il faut, nos experts sont pr\u00eats \u00e0 vous aider.<\/p>\n\n\n\n<p><\/p>","protected":false},"excerpt":{"rendered":"<p>Got a challenge to solve or a project that needs the right people behind it? You\u2019re in the right place.At [&hellip;]<\/p>","protected":false},"author":2,"featured_media":30739,"parent":0,"menu_order":0,"comment_status":"closed","ping_status":"closed","template":"page-templates\/page-contact.php","meta":{"_acf_changed":false,"footnotes":""},"class_list":["post-28926","page","type-page","status-publish","has-post-thumbnail","hentry"],"acf":[],"yoast_head":"<!-- This site is optimized with the Yoast SEO plugin v26.3 - https:\/\/yoast.com\/wordpress\/plugins\/seo\/ -->\n<title>Contact us - Morson Edge<\/title>\n<meta name=\"robots\" content=\"index, follow, max-snippet:-1, max-image-preview:large, max-video-preview:-1\" \/>\n<link rel=\"canonical\" href=\"https:\/\/morson-edge.com\/fr_ca\/contacter-morson-edge\/\" \/>\n<meta property=\"og:locale\" content=\"fr_CA\" \/>\n<meta property=\"og:type\" content=\"article\" \/>\n<meta property=\"og:title\" content=\"Contact us - Morson Edge\" \/>\n<meta property=\"og:description\" content=\"Got a challenge to solve or a project that needs the right people behind it? You\u2019re in the right place.At [&hellip;]\" \/>\n<meta property=\"og:url\" content=\"https:\/\/morson-edge.com\/fr_ca\/contacter-morson-edge\/\" \/>\n<meta property=\"og:site_name\" content=\"Morson Edge\" \/>\n<meta property=\"article:modified_time\" content=\"2025-12-11T09:14:20+00:00\" \/>\n<meta property=\"og:image\" content=\"https:\/\/morson-edge.com\/wp-content\/uploads\/sites\/4\/2025\/10\/Total-Talent_Header-1024x796.png\" \/>\n\t<meta property=\"og:image:width\" content=\"1024\" \/>\n\t<meta property=\"og:image:height\" content=\"796\" \/>\n\t<meta property=\"og:image:type\" content=\"image\/png\" \/>\n<meta name=\"twitter:card\" content=\"summary_large_image\" \/>\n<meta name=\"twitter:label1\" content=\"Estimation du temps de lecture\" \/>\n\t<meta name=\"twitter:data1\" content=\"1 minute\" \/>\n<script type=\"application\/ld+json\" class=\"yoast-schema-graph\">{\"@context\":\"https:\/\/schema.org\",\"@graph\":[{\"@type\":\"WebPage\",\"@id\":\"https:\/\/morson-edge.com\/contact-morson-edge\/\",\"url\":\"https:\/\/morson-edge.com\/contact-morson-edge\/\",\"name\":\"Contact us - Morson Edge\",\"isPartOf\":{\"@id\":\"https:\/\/morson-edge.com\/#website\"},\"primaryImageOfPage\":{\"@id\":\"https:\/\/morson-edge.com\/contact-morson-edge\/#primaryimage\"},\"image\":{\"@id\":\"https:\/\/morson-edge.com\/contact-morson-edge\/#primaryimage\"},\"thumbnailUrl\":\"\/wp-content\/uploads\/sites\/4\/2025\/10\/Total-Talent_Header-scaled.png\",\"datePublished\":\"2025-07-31T15:35:40+00:00\",\"dateModified\":\"2025-12-11T09:14:20+00:00\",\"breadcrumb\":{\"@id\":\"https:\/\/morson-edge.com\/contact-morson-edge\/#breadcrumb\"},\"inLanguage\":\"fr-CA\",\"potentialAction\":[{\"@type\":\"ReadAction\",\"target\":[\"https:\/\/morson-edge.com\/contact-morson-edge\/\"]}]},{\"@type\":\"ImageObject\",\"inLanguage\":\"fr-CA\",\"@id\":\"https:\/\/morson-edge.com\/contact-morson-edge\/#primaryimage\",\"url\":\"\/wp-content\/uploads\/sites\/4\/2025\/10\/Total-Talent_Header-scaled.png\",\"contentUrl\":\"\/wp-content\/uploads\/sites\/4\/2025\/10\/Total-Talent_Header-scaled.png\",\"width\":2560,\"height\":1990},{\"@type\":\"BreadcrumbList\",\"@id\":\"https:\/\/morson-edge.com\/contact-morson-edge\/#breadcrumb\",\"itemListElement\":[{\"@type\":\"ListItem\",\"position\":1,\"name\":\"Home\",\"item\":\"https:\/\/morson-edge.com\/\"},{\"@type\":\"ListItem\",\"position\":2,\"name\":\"Contact us\"}]},{\"@type\":\"WebSite\",\"@id\":\"https:\/\/morson-edge.com\/#website\",\"url\":\"https:\/\/morson-edge.com\/\",\"name\":\"Morson Edge\",\"description\":\"Supplying specialist talent\",\"publisher\":{\"@id\":\"https:\/\/morson-edge.com\/#organization\"},\"potentialAction\":[{\"@type\":\"SearchAction\",\"target\":{\"@type\":\"EntryPoint\",\"urlTemplate\":\"https:\/\/morson-edge.com\/?s={search_term_string}\"},\"query-input\":{\"@type\":\"PropertyValueSpecification\",\"valueRequired\":true,\"valueName\":\"search_term_string\"}}],\"inLanguage\":\"fr-CA\"},{\"@type\":\"Organization\",\"@id\":\"https:\/\/morson-edge.com\/#organization\",\"name\":\"Morson Edge\",\"url\":\"https:\/\/morson-edge.com\/\",\"logo\":{\"@type\":\"ImageObject\",\"inLanguage\":\"fr-CA\",\"@id\":\"https:\/\/morson-edge.com\/#\/schema\/logo\/image\/\",\"url\":\"\/wp-content\/uploads\/sites\/4\/2025\/10\/Morson_Logo_EDGE_RGB-scaled.png\",\"contentUrl\":\"\/wp-content\/uploads\/sites\/4\/2025\/10\/Morson_Logo_EDGE_RGB-scaled.png\",\"width\":2560,\"height\":296,\"caption\":\"Morson Edge\"},\"image\":{\"@id\":\"https:\/\/morson-edge.com\/#\/schema\/logo\/image\/\"}}]}<\/script>\n<!-- \/ Yoast SEO plugin. -->","yoast_head_json":{"title":"Contactez-nous - Morson Edge","robots":{"index":"index","follow":"follow","max-snippet":"max-snippet:-1","max-image-preview":"max-image-preview:large","max-video-preview":"max-video-preview:-1"},"canonical":"https:\/\/morson-edge.com\/fr_ca\/contacter-morson-edge\/","og_locale":"fr_CA","og_type":"article","og_title":"Contact us - Morson Edge","og_description":"Got a challenge to solve or a project that needs the right people behind it? You\u2019re in the right place.At [&hellip;]","og_url":"https:\/\/morson-edge.com\/fr_ca\/contacter-morson-edge\/","og_site_name":"Morson Edge","article_modified_time":"2025-12-11T09:14:20+00:00","og_image":[{"width":1024,"height":796,"url":"https:\/\/morson-edge.com\/wp-content\/uploads\/sites\/4\/2025\/10\/Total-Talent_Header-1024x796.png","type":"image\/png"}],"twitter_card":"summary_large_image","twitter_misc":{"Estimation du temps de lecture":"1 minute"},"schema":{"@context":"https:\/\/schema.org","@graph":[{"@type":"WebPage","@id":"https:\/\/morson-edge.com\/contact-morson-edge\/","url":"https:\/\/morson-edge.com\/contact-morson-edge\/","name":"Contactez-nous - Morson Edge","isPartOf":{"@id":"https:\/\/morson-edge.com\/#website"},"primaryImageOfPage":{"@id":"https:\/\/morson-edge.com\/contact-morson-edge\/#primaryimage"},"image":{"@id":"https:\/\/morson-edge.com\/contact-morson-edge\/#primaryimage"},"thumbnailUrl":"\/wp-content\/uploads\/sites\/4\/2025\/10\/Total-Talent_Header-scaled.png","datePublished":"2025-07-31T15:35:40+00:00","dateModified":"2025-12-11T09:14:20+00:00","breadcrumb":{"@id":"https:\/\/morson-edge.com\/contact-morson-edge\/#breadcrumb"},"inLanguage":"fr-CA","potentialAction":[{"@type":"ReadAction","target":["https:\/\/morson-edge.com\/contact-morson-edge\/"]}]},{"@type":"ImageObject","inLanguage":"fr-CA","@id":"https:\/\/morson-edge.com\/contact-morson-edge\/#primaryimage","url":"\/wp-content\/uploads\/sites\/4\/2025\/10\/Total-Talent_Header-scaled.png","contentUrl":"\/wp-content\/uploads\/sites\/4\/2025\/10\/Total-Talent_Header-scaled.png","width":2560,"height":1990},{"@type":"BreadcrumbList","@id":"https:\/\/morson-edge.com\/contact-morson-edge\/#breadcrumb","itemListElement":[{"@type":"ListItem","position":1,"name":"Home","item":"https:\/\/morson-edge.com\/"},{"@type":"ListItem","position":2,"name":"Contact us"}]},{"@type":"WebSite","@id":"https:\/\/morson-edge.com\/#website","url":"https:\/\/morson-edge.com\/","name":"Morson Edge","description":"Fournir des talents sp\u00e9cialis\u00e9s","publisher":{"@id":"https:\/\/morson-edge.com\/#organization"},"potentialAction":[{"@type":"SearchAction","target":{"@type":"EntryPoint","urlTemplate":"https:\/\/morson-edge.com\/?s={search_term_string}"},"query-input":{"@type":"PropertyValueSpecification","valueRequired":true,"valueName":"search_term_string"}}],"inLanguage":"fr-CA"},{"@type":"Organization","@id":"https:\/\/morson-edge.com\/#organization","name":"Morson Edge","url":"https:\/\/morson-edge.com\/","logo":{"@type":"ImageObject","inLanguage":"fr-CA","@id":"https:\/\/morson-edge.com\/#\/schema\/logo\/image\/","url":"\/wp-content\/uploads\/sites\/4\/2025\/10\/Morson_Logo_EDGE_RGB-scaled.png","contentUrl":"\/wp-content\/uploads\/sites\/4\/2025\/10\/Morson_Logo_EDGE_RGB-scaled.png","width":2560,"height":296,"caption":"Morson Edge"},"image":{"@id":"https:\/\/morson-edge.com\/#\/schema\/logo\/image\/"}}]}},"_links":{"self":[{"href":"https:\/\/morson-edge.com\/fr_ca\/wp-json\/wp\/v2\/pages\/28926","targetHints":{"allow":["GET"]}}],"collection":[{"href":"https:\/\/morson-edge.com\/fr_ca\/wp-json\/wp\/v2\/pages"}],"about":[{"href":"https:\/\/morson-edge.com\/fr_ca\/wp-json\/wp\/v2\/types\/page"}],"author":[{"embeddable":true,"href":"https:\/\/morson-edge.com\/fr_ca\/wp-json\/wp\/v2\/users\/2"}],"replies":[{"embeddable":true,"href":"https:\/\/morson-edge.com\/fr_ca\/wp-json\/wp\/v2\/comments?post=28926"}],"version-history":[{"count":17,"href":"https:\/\/morson-edge.com\/fr_ca\/wp-json\/wp\/v2\/pages\/28926\/revisions"}],"predecessor-version":[{"id":31754,"href":"https:\/\/morson-edge.com\/fr_ca\/wp-json\/wp\/v2\/pages\/28926\/revisions\/31754"}],"wp:featuredmedia":[{"embeddable":true,"href":"https:\/\/morson-edge.com\/fr_ca\/wp-json\/wp\/v2\/media\/30739"}],"wp:attachment":[{"href":"https:\/\/morson-edge.com\/fr_ca\/wp-json\/wp\/v2\/media?parent=28926"}],"curies":[{"name":"wp","href":"https:\/\/api.w.org\/{rel}","templated":true}]}}