{"id":28891,"date":"2025-07-31T08:25:22","date_gmt":"2025-07-31T07:25:22","guid":{"rendered":"https:\/\/morson-edge.com\/?page_id=28891"},"modified":"2026-02-13T15:27:30","modified_gmt":"2026-02-13T15:27:30","slug":"gouvernance-environnementale-et-sociale","status":"publish","type":"page","link":"https:\/\/morson-edge.com\/fr_ca\/gouvernance-environnementale-et-sociale\/","title":{"rendered":"Environnement, social et gouvernance"},"content":{"rendered":"<p>Qu'il s'agisse des parcours de d\u00e9but de carri\u00e8re ou de la durabilit\u00e9, voici les principes que nous nous imposons (et que nous imposons aux autres).<\/p>","protected":false},"excerpt":{"rendered":"<p>Qu'il s'agisse des parcours de d\u00e9but de carri\u00e8re ou de la durabilit\u00e9, voici les principes que nous nous imposons (et que nous imposons aux autres).<\/p>","protected":false},"author":2,"featured_media":0,"parent":0,"menu_order":0,"comment_status":"closed","ping_status":"closed","template":"","meta":{"_acf_changed":false,"footnotes":""},"class_list":["post-28891","page","type-page","status-publish","hentry"],"acf":[],"yoast_head":"<!-- This site is optimized with the Yoast SEO plugin v26.3 - https:\/\/yoast.com\/wordpress\/plugins\/seo\/ -->\n<title>Environmental, Social &amp; Governance - Morson Edge<\/title>\n<meta name=\"robots\" content=\"index, follow, max-snippet:-1, max-image-preview:large, max-video-preview:-1\" \/>\n<link rel=\"canonical\" href=\"https:\/\/morson-edge.com\/fr_ca\/gouvernance-environnementale-et-sociale\/\" \/>\n<meta property=\"og:locale\" content=\"fr_CA\" \/>\n<meta property=\"og:type\" content=\"article\" \/>\n<meta property=\"og:title\" content=\"Environmental, Social &amp; Governance - Morson Edge\" \/>\n<meta property=\"og:description\" content=\"From early careers pathways, to sustainability, these are the principles we hold ourselves (and others) to.\" \/>\n<meta property=\"og:url\" content=\"https:\/\/morson-edge.com\/fr_ca\/gouvernance-environnementale-et-sociale\/\" \/>\n<meta property=\"og:site_name\" content=\"Morson Edge\" \/>\n<meta property=\"article:modified_time\" content=\"2026-02-13T15:27:30+00:00\" \/>\n<meta name=\"twitter:card\" content=\"summary_large_image\" \/>\n<meta name=\"twitter:label1\" content=\"Estimation du temps de lecture\" \/>\n\t<meta name=\"twitter:data1\" content=\"1 minute\" \/>\n<script type=\"application\/ld+json\" class=\"yoast-schema-graph\">{\"@context\":\"https:\/\/schema.org\",\"@graph\":[{\"@type\":\"WebPage\",\"@id\":\"https:\/\/morson-edge.com\/environmental-social-governance\/\",\"url\":\"https:\/\/morson-edge.com\/environmental-social-governance\/\",\"name\":\"Environmental, Social &amp; Governance - Morson Edge\",\"isPartOf\":{\"@id\":\"https:\/\/morson-edge.com\/#website\"},\"datePublished\":\"2025-07-31T07:25:22+00:00\",\"dateModified\":\"2026-02-13T15:27:30+00:00\",\"breadcrumb\":{\"@id\":\"https:\/\/morson-edge.com\/environmental-social-governance\/#breadcrumb\"},\"inLanguage\":\"fr-CA\",\"potentialAction\":[{\"@type\":\"ReadAction\",\"target\":[\"https:\/\/morson-edge.com\/environmental-social-governance\/\"]}]},{\"@type\":\"BreadcrumbList\",\"@id\":\"https:\/\/morson-edge.com\/environmental-social-governance\/#breadcrumb\",\"itemListElement\":[{\"@type\":\"ListItem\",\"position\":1,\"name\":\"Home\",\"item\":\"https:\/\/morson-edge.com\/\"},{\"@type\":\"ListItem\",\"position\":2,\"name\":\"Environmental, Social &amp; Governance\"}]},{\"@type\":\"WebSite\",\"@id\":\"https:\/\/morson-edge.com\/#website\",\"url\":\"https:\/\/morson-edge.com\/\",\"name\":\"Morson Edge\",\"description\":\"Supplying specialist talent\",\"publisher\":{\"@id\":\"https:\/\/morson-edge.com\/#organization\"},\"potentialAction\":[{\"@type\":\"SearchAction\",\"target\":{\"@type\":\"EntryPoint\",\"urlTemplate\":\"https:\/\/morson-edge.com\/?s={search_term_string}\"},\"query-input\":{\"@type\":\"PropertyValueSpecification\",\"valueRequired\":true,\"valueName\":\"search_term_string\"}}],\"inLanguage\":\"fr-CA\"},{\"@type\":\"Organization\",\"@id\":\"https:\/\/morson-edge.com\/#organization\",\"name\":\"Morson Edge\",\"url\":\"https:\/\/morson-edge.com\/\",\"logo\":{\"@type\":\"ImageObject\",\"inLanguage\":\"fr-CA\",\"@id\":\"https:\/\/morson-edge.com\/#\/schema\/logo\/image\/\",\"url\":\"\/wp-content\/uploads\/sites\/4\/2025\/10\/Morson_Logo_EDGE_RGB-scaled.png\",\"contentUrl\":\"\/wp-content\/uploads\/sites\/4\/2025\/10\/Morson_Logo_EDGE_RGB-scaled.png\",\"width\":2560,\"height\":296,\"caption\":\"Morson Edge\"},\"image\":{\"@id\":\"https:\/\/morson-edge.com\/#\/schema\/logo\/image\/\"}}]}<\/script>\n<!-- \/ Yoast SEO plugin. -->","yoast_head_json":{"title":"Environmental, Social &amp; Governance - Morson Edge","robots":{"index":"index","follow":"follow","max-snippet":"max-snippet:-1","max-image-preview":"max-image-preview:large","max-video-preview":"max-video-preview:-1"},"canonical":"https:\/\/morson-edge.com\/fr_ca\/gouvernance-environnementale-et-sociale\/","og_locale":"fr_CA","og_type":"article","og_title":"Environmental, Social &amp; Governance - Morson Edge","og_description":"From early careers pathways, to sustainability, these are the principles we hold ourselves (and others) to.","og_url":"https:\/\/morson-edge.com\/fr_ca\/gouvernance-environnementale-et-sociale\/","og_site_name":"Morson Edge","article_modified_time":"2026-02-13T15:27:30+00:00","twitter_card":"summary_large_image","twitter_misc":{"Estimation du temps de lecture":"1 minute"},"schema":{"@context":"https:\/\/schema.org","@graph":[{"@type":"WebPage","@id":"https:\/\/morson-edge.com\/environmental-social-governance\/","url":"https:\/\/morson-edge.com\/environmental-social-governance\/","name":"Environmental, Social &amp; Governance - Morson Edge","isPartOf":{"@id":"https:\/\/morson-edge.com\/#website"},"datePublished":"2025-07-31T07:25:22+00:00","dateModified":"2026-02-13T15:27:30+00:00","breadcrumb":{"@id":"https:\/\/morson-edge.com\/environmental-social-governance\/#breadcrumb"},"inLanguage":"fr-CA","potentialAction":[{"@type":"ReadAction","target":["https:\/\/morson-edge.com\/environmental-social-governance\/"]}]},{"@type":"BreadcrumbList","@id":"https:\/\/morson-edge.com\/environmental-social-governance\/#breadcrumb","itemListElement":[{"@type":"ListItem","position":1,"name":"Home","item":"https:\/\/morson-edge.com\/"},{"@type":"ListItem","position":2,"name":"Environmental, Social &amp; Governance"}]},{"@type":"WebSite","@id":"https:\/\/morson-edge.com\/#website","url":"https:\/\/morson-edge.com\/","name":"Morson Edge","description":"Fournir des talents sp\u00e9cialis\u00e9s","publisher":{"@id":"https:\/\/morson-edge.com\/#organization"},"potentialAction":[{"@type":"SearchAction","target":{"@type":"EntryPoint","urlTemplate":"https:\/\/morson-edge.com\/?s={search_term_string}"},"query-input":{"@type":"PropertyValueSpecification","valueRequired":true,"valueName":"search_term_string"}}],"inLanguage":"fr-CA"},{"@type":"Organization","@id":"https:\/\/morson-edge.com\/#organization","name":"Morson Edge","url":"https:\/\/morson-edge.com\/","logo":{"@type":"ImageObject","inLanguage":"fr-CA","@id":"https:\/\/morson-edge.com\/#\/schema\/logo\/image\/","url":"\/wp-content\/uploads\/sites\/4\/2025\/10\/Morson_Logo_EDGE_RGB-scaled.png","contentUrl":"\/wp-content\/uploads\/sites\/4\/2025\/10\/Morson_Logo_EDGE_RGB-scaled.png","width":2560,"height":296,"caption":"Morson Edge"},"image":{"@id":"https:\/\/morson-edge.com\/#\/schema\/logo\/image\/"}}]}},"_links":{"self":[{"href":"https:\/\/morson-edge.com\/fr_ca\/wp-json\/wp\/v2\/pages\/28891","targetHints":{"allow":["GET"]}}],"collection":[{"href":"https:\/\/morson-edge.com\/fr_ca\/wp-json\/wp\/v2\/pages"}],"about":[{"href":"https:\/\/morson-edge.com\/fr_ca\/wp-json\/wp\/v2\/types\/page"}],"author":[{"embeddable":true,"href":"https:\/\/morson-edge.com\/fr_ca\/wp-json\/wp\/v2\/users\/2"}],"replies":[{"embeddable":true,"href":"https:\/\/morson-edge.com\/fr_ca\/wp-json\/wp\/v2\/comments?post=28891"}],"version-history":[{"count":8,"href":"https:\/\/morson-edge.com\/fr_ca\/wp-json\/wp\/v2\/pages\/28891\/revisions"}],"predecessor-version":[{"id":32006,"href":"https:\/\/morson-edge.com\/fr_ca\/wp-json\/wp\/v2\/pages\/28891\/revisions\/32006"}],"wp:attachment":[{"href":"https:\/\/morson-edge.com\/fr_ca\/wp-json\/wp\/v2\/media?parent=28891"}],"curies":[{"name":"wp","href":"https:\/\/api.w.org\/{rel}","templated":true}]}}