{"id":28875,"date":"2025-07-31T08:00:11","date_gmt":"2025-07-31T07:00:11","guid":{"rendered":"https:\/\/morson-edge.com\/?page_id=28875"},"modified":"2025-11-06T13:42:20","modified_gmt":"2025-11-06T13:42:20","slug":"secteurs-dactivite","status":"publish","type":"page","link":"https:\/\/morson-edge.com\/fr_ca\/secteurs-dactivite\/","title":{"rendered":"Industries"},"content":{"rendered":"<p>Du ciel aux fonds marins, de la grille \u00e0 la base de code, Morson Edge relie les esprits les plus brillants aux missions les plus difficiles. Tous les secteurs que nous servons \u00e9voluent rapidement. Les syst\u00e8mes \u00e9nerg\u00e9tiques se transforment. Les programmes de d\u00e9fense prennent de l'ampleur. Les infrastructures se reconstruisent. La technologie r\u00e9\u00e9crit les r\u00e8gles. Dans chacun de ces secteurs, la productivit\u00e9 d\u00e9pend des personnes, qu'elles soient qualifi\u00e9es, aff\u00fbt\u00e9es ou pr\u00eates \u00e0 intervenir. C'est l\u00e0 que nous intervenons.<\/p>","protected":false},"excerpt":{"rendered":"<p>From the skies to the seabed, the grid to the codebase, Morson Edge connects the brightest minds to the toughest [&hellip;]<\/p>","protected":false},"author":2,"featured_media":30924,"parent":0,"menu_order":0,"comment_status":"closed","ping_status":"closed","template":"","meta":{"_acf_changed":false,"footnotes":""},"class_list":["post-28875","page","type-page","status-publish","has-post-thumbnail","hentry"],"acf":[],"yoast_head":"<!-- This site is optimized with the Yoast SEO plugin v26.3 - https:\/\/yoast.com\/wordpress\/plugins\/seo\/ -->\n<title>Industry-Focused Recruitment Solutions - Morson Edge<\/title>\n<meta name=\"description\" content=\"Morson Edge&#039;s specialist recruitment solutions span diverse industries including aerospace, construction, technology, life sciences and more.\" \/>\n<meta name=\"robots\" content=\"index, follow, max-snippet:-1, max-image-preview:large, max-video-preview:-1\" \/>\n<link rel=\"canonical\" href=\"https:\/\/morson-edge.com\/fr_ca\/secteurs-dactivite\/\" \/>\n<meta property=\"og:locale\" content=\"fr_CA\" \/>\n<meta property=\"og:type\" content=\"article\" \/>\n<meta property=\"og:title\" content=\"Industry-Focused Recruitment Solutions - Morson Edge\" \/>\n<meta property=\"og:description\" content=\"Morson Edge&#039;s specialist recruitment solutions span diverse industries including aerospace, construction, technology, life sciences and more.\" \/>\n<meta property=\"og:url\" content=\"https:\/\/morson-edge.com\/fr_ca\/secteurs-dactivite\/\" \/>\n<meta property=\"og:site_name\" content=\"Morson Edge\" \/>\n<meta property=\"article:modified_time\" content=\"2025-11-06T13:42:20+00:00\" \/>\n<meta property=\"og:image\" content=\"https:\/\/morson-edge.com\/files\/2025\/10\/All-Industries_Header-1024x683.png\" \/>\n\t<meta property=\"og:image:width\" content=\"1024\" \/>\n\t<meta property=\"og:image:height\" content=\"683\" \/>\n\t<meta property=\"og:image:type\" content=\"image\/png\" \/>\n<meta name=\"twitter:card\" content=\"summary_large_image\" \/>\n<meta name=\"twitter:label1\" content=\"Estimation du temps de lecture\" \/>\n\t<meta name=\"twitter:data1\" content=\"4 minutes\" \/>\n<script type=\"application\/ld+json\" class=\"yoast-schema-graph\">{\"@context\":\"https:\/\/schema.org\",\"@graph\":[{\"@type\":\"WebPage\",\"@id\":\"https:\/\/morson-edge.com\/industries\/\",\"url\":\"https:\/\/morson-edge.com\/industries\/\",\"name\":\"Industry-Focused Recruitment Solutions - Morson Edge\",\"isPartOf\":{\"@id\":\"https:\/\/morson-edge.com\/#website\"},\"primaryImageOfPage\":{\"@id\":\"https:\/\/morson-edge.com\/industries\/#primaryimage\"},\"image\":{\"@id\":\"https:\/\/morson-edge.com\/industries\/#primaryimage\"},\"thumbnailUrl\":\"\/wp-content\/uploads\/sites\/4\/2025\/10\/All-Industries_Header-scaled.png\",\"datePublished\":\"2025-07-31T07:00:11+00:00\",\"dateModified\":\"2025-11-06T13:42:20+00:00\",\"description\":\"Morson Edge's specialist recruitment solutions span diverse industries including aerospace, construction, technology, life sciences and more.\",\"breadcrumb\":{\"@id\":\"https:\/\/morson-edge.com\/industries\/#breadcrumb\"},\"inLanguage\":\"fr-CA\",\"potentialAction\":[{\"@type\":\"ReadAction\",\"target\":[\"https:\/\/morson-edge.com\/industries\/\"]}]},{\"@type\":\"ImageObject\",\"inLanguage\":\"fr-CA\",\"@id\":\"https:\/\/morson-edge.com\/industries\/#primaryimage\",\"url\":\"\/wp-content\/uploads\/sites\/4\/2025\/10\/All-Industries_Header-scaled.png\",\"contentUrl\":\"\/wp-content\/uploads\/sites\/4\/2025\/10\/All-Industries_Header-scaled.png\",\"width\":2560,\"height\":1709},{\"@type\":\"BreadcrumbList\",\"@id\":\"https:\/\/morson-edge.com\/industries\/#breadcrumb\",\"itemListElement\":[{\"@type\":\"ListItem\",\"position\":1,\"name\":\"Home\",\"item\":\"https:\/\/morson-edge.com\/\"},{\"@type\":\"ListItem\",\"position\":2,\"name\":\"Industries\"}]},{\"@type\":\"WebSite\",\"@id\":\"https:\/\/morson-edge.com\/#website\",\"url\":\"https:\/\/morson-edge.com\/\",\"name\":\"Morson Edge\",\"description\":\"Supplying specialist talent\",\"publisher\":{\"@id\":\"https:\/\/morson-edge.com\/#organization\"},\"potentialAction\":[{\"@type\":\"SearchAction\",\"target\":{\"@type\":\"EntryPoint\",\"urlTemplate\":\"https:\/\/morson-edge.com\/?s={search_term_string}\"},\"query-input\":{\"@type\":\"PropertyValueSpecification\",\"valueRequired\":true,\"valueName\":\"search_term_string\"}}],\"inLanguage\":\"fr-CA\"},{\"@type\":\"Organization\",\"@id\":\"https:\/\/morson-edge.com\/#organization\",\"name\":\"Morson Edge\",\"url\":\"https:\/\/morson-edge.com\/\",\"logo\":{\"@type\":\"ImageObject\",\"inLanguage\":\"fr-CA\",\"@id\":\"https:\/\/morson-edge.com\/#\/schema\/logo\/image\/\",\"url\":\"\/wp-content\/uploads\/sites\/4\/2025\/10\/Morson_Logo_EDGE_RGB-scaled.png\",\"contentUrl\":\"\/wp-content\/uploads\/sites\/4\/2025\/10\/Morson_Logo_EDGE_RGB-scaled.png\",\"width\":2560,\"height\":296,\"caption\":\"Morson Edge\"},\"image\":{\"@id\":\"https:\/\/morson-edge.com\/#\/schema\/logo\/image\/\"}}]}<\/script>\n<!-- \/ Yoast SEO plugin. -->","yoast_head_json":{"title":"Solutions de recrutement ax\u00e9es sur l'industrie - Morson Edge","description":"Les solutions de recrutement sp\u00e9cialis\u00e9es de Morson Edge couvrent divers secteurs, notamment l'a\u00e9rospatiale, la construction, la technologie, les sciences de la vie et bien d'autres encore.","robots":{"index":"index","follow":"follow","max-snippet":"max-snippet:-1","max-image-preview":"max-image-preview:large","max-video-preview":"max-video-preview:-1"},"canonical":"https:\/\/morson-edge.com\/fr_ca\/secteurs-dactivite\/","og_locale":"fr_CA","og_type":"article","og_title":"Industry-Focused Recruitment Solutions - Morson Edge","og_description":"Morson Edge's specialist recruitment solutions span diverse industries including aerospace, construction, technology, life sciences and more.","og_url":"https:\/\/morson-edge.com\/fr_ca\/secteurs-dactivite\/","og_site_name":"Morson Edge","article_modified_time":"2025-11-06T13:42:20+00:00","og_image":[{"width":1024,"height":683,"url":"https:\/\/morson-edge.com\/files\/2025\/10\/All-Industries_Header-1024x683.png","type":"image\/png"}],"twitter_card":"summary_large_image","twitter_misc":{"Estimation du temps de lecture":"4 minutes"},"schema":{"@context":"https:\/\/schema.org","@graph":[{"@type":"WebPage","@id":"https:\/\/morson-edge.com\/industries\/","url":"https:\/\/morson-edge.com\/industries\/","name":"Solutions de recrutement ax\u00e9es sur l'industrie - Morson Edge","isPartOf":{"@id":"https:\/\/morson-edge.com\/#website"},"primaryImageOfPage":{"@id":"https:\/\/morson-edge.com\/industries\/#primaryimage"},"image":{"@id":"https:\/\/morson-edge.com\/industries\/#primaryimage"},"thumbnailUrl":"\/wp-content\/uploads\/sites\/4\/2025\/10\/All-Industries_Header-scaled.png","datePublished":"2025-07-31T07:00:11+00:00","dateModified":"2025-11-06T13:42:20+00:00","description":"Les solutions de recrutement sp\u00e9cialis\u00e9es de Morson Edge couvrent divers secteurs, notamment l'a\u00e9rospatiale, la construction, la technologie, les sciences de la vie et bien d'autres encore.","breadcrumb":{"@id":"https:\/\/morson-edge.com\/industries\/#breadcrumb"},"inLanguage":"fr-CA","potentialAction":[{"@type":"ReadAction","target":["https:\/\/morson-edge.com\/industries\/"]}]},{"@type":"ImageObject","inLanguage":"fr-CA","@id":"https:\/\/morson-edge.com\/industries\/#primaryimage","url":"\/wp-content\/uploads\/sites\/4\/2025\/10\/All-Industries_Header-scaled.png","contentUrl":"\/wp-content\/uploads\/sites\/4\/2025\/10\/All-Industries_Header-scaled.png","width":2560,"height":1709},{"@type":"BreadcrumbList","@id":"https:\/\/morson-edge.com\/industries\/#breadcrumb","itemListElement":[{"@type":"ListItem","position":1,"name":"Home","item":"https:\/\/morson-edge.com\/"},{"@type":"ListItem","position":2,"name":"Industries"}]},{"@type":"WebSite","@id":"https:\/\/morson-edge.com\/#website","url":"https:\/\/morson-edge.com\/","name":"Morson Edge","description":"Fournir des talents sp\u00e9cialis\u00e9s","publisher":{"@id":"https:\/\/morson-edge.com\/#organization"},"potentialAction":[{"@type":"SearchAction","target":{"@type":"EntryPoint","urlTemplate":"https:\/\/morson-edge.com\/?s={search_term_string}"},"query-input":{"@type":"PropertyValueSpecification","valueRequired":true,"valueName":"search_term_string"}}],"inLanguage":"fr-CA"},{"@type":"Organization","@id":"https:\/\/morson-edge.com\/#organization","name":"Morson Edge","url":"https:\/\/morson-edge.com\/","logo":{"@type":"ImageObject","inLanguage":"fr-CA","@id":"https:\/\/morson-edge.com\/#\/schema\/logo\/image\/","url":"\/wp-content\/uploads\/sites\/4\/2025\/10\/Morson_Logo_EDGE_RGB-scaled.png","contentUrl":"\/wp-content\/uploads\/sites\/4\/2025\/10\/Morson_Logo_EDGE_RGB-scaled.png","width":2560,"height":296,"caption":"Morson Edge"},"image":{"@id":"https:\/\/morson-edge.com\/#\/schema\/logo\/image\/"}}]}},"_links":{"self":[{"href":"https:\/\/morson-edge.com\/fr_ca\/wp-json\/wp\/v2\/pages\/28875","targetHints":{"allow":["GET"]}}],"collection":[{"href":"https:\/\/morson-edge.com\/fr_ca\/wp-json\/wp\/v2\/pages"}],"about":[{"href":"https:\/\/morson-edge.com\/fr_ca\/wp-json\/wp\/v2\/types\/page"}],"author":[{"embeddable":true,"href":"https:\/\/morson-edge.com\/fr_ca\/wp-json\/wp\/v2\/users\/2"}],"replies":[{"embeddable":true,"href":"https:\/\/morson-edge.com\/fr_ca\/wp-json\/wp\/v2\/comments?post=28875"}],"version-history":[{"count":25,"href":"https:\/\/morson-edge.com\/fr_ca\/wp-json\/wp\/v2\/pages\/28875\/revisions"}],"predecessor-version":[{"id":31190,"href":"https:\/\/morson-edge.com\/fr_ca\/wp-json\/wp\/v2\/pages\/28875\/revisions\/31190"}],"wp:featuredmedia":[{"embeddable":true,"href":"https:\/\/morson-edge.com\/fr_ca\/wp-json\/wp\/v2\/media\/30924"}],"wp:attachment":[{"href":"https:\/\/morson-edge.com\/fr_ca\/wp-json\/wp\/v2\/media?parent=28875"}],"curies":[{"name":"wp","href":"https:\/\/api.w.org\/{rel}","templated":true}]}}