{"id":205,"date":"2025-07-25T14:49:19","date_gmt":"2025-07-25T13:49:19","guid":{"rendered":"https:\/\/morson-edge.com\/?page_id=205"},"modified":"2025-10-31T21:23:51","modified_gmt":"2025-10-31T21:23:51","slug":"services","status":"publish","type":"page","link":"https:\/\/morson-edge.com\/fr_ca\/services\/","title":{"rendered":"Services"},"content":{"rendered":"<p>Chez Morson Edge, nous mettons en relation des esprits aiguis\u00e9s avec des missions critiques en fournissant l'expertise technique, d'ing\u00e9nierie et num\u00e9rique qui permet aux industries d'avancer. De l'a\u00e9rospatiale et de la d\u00e9fense aux infrastructures, \u00e0 l'\u00e9nergie et \u00e0 la technologie, nos services sont con\u00e7us pour r\u00e9soudre les probl\u00e8mes de productivit\u00e9 gr\u00e2ce aux personnes. Que vous ayez besoin d'un soutien de projet \u00e0 court terme, d'embauches strat\u00e9giques \u00e0 long terme ou d'\u00e9quipes enti\u00e8res d\u00e9ploy\u00e9es \u00e0 grande \u00e9chelle, nous fournissons des solutions de talents pr\u00e9cises, agiles et \u00e9prouv\u00e9es.<\/p>","protected":false},"excerpt":{"rendered":"<p>At Morson Edge, we connect sharp minds with critical missions supplying the technical, engineering, and digital expertise that keeps industries [&hellip;]<\/p>","protected":false},"author":2,"featured_media":30492,"parent":0,"menu_order":0,"comment_status":"closed","ping_status":"closed","template":"","meta":{"_acf_changed":false,"footnotes":""},"class_list":["post-205","page","type-page","status-publish","has-post-thumbnail","hentry"],"acf":[],"yoast_head":"<!-- This site is optimized with the Yoast SEO plugin v26.3 - https:\/\/yoast.com\/wordpress\/plugins\/seo\/ -->\n<title>Your Workforce Solutions Partner - Morson Edge<\/title>\n<meta name=\"description\" content=\"Morson Edge is the sharp end of workforce strategy. Whatever the challenge, we match it with the right model. Fast, flexible and on point.\" \/>\n<meta name=\"robots\" content=\"index, follow, max-snippet:-1, max-image-preview:large, max-video-preview:-1\" \/>\n<link rel=\"canonical\" href=\"https:\/\/morson-edge.com\/fr_ca\/services\/\" \/>\n<meta property=\"og:locale\" content=\"fr_CA\" \/>\n<meta property=\"og:type\" content=\"article\" \/>\n<meta property=\"og:title\" content=\"Your Workforce Solutions Partner - Morson Edge\" \/>\n<meta property=\"og:description\" content=\"Morson Edge is the sharp end of workforce strategy. Whatever the challenge, we match it with the right model. Fast, flexible and on point.\" \/>\n<meta property=\"og:url\" content=\"https:\/\/morson-edge.com\/fr_ca\/services\/\" \/>\n<meta property=\"og:site_name\" content=\"Morson Edge\" \/>\n<meta property=\"article:modified_time\" content=\"2025-10-31T21:23:51+00:00\" \/>\n<meta property=\"og:image\" content=\"https:\/\/morson-edge.com\/wp-content\/uploads\/sites\/4\/2025\/10\/All-Services_Header-1024x540.png\" \/>\n\t<meta property=\"og:image:width\" content=\"1024\" \/>\n\t<meta property=\"og:image:height\" content=\"540\" \/>\n\t<meta property=\"og:image:type\" content=\"image\/png\" \/>\n<meta name=\"twitter:card\" content=\"summary_large_image\" \/>\n<meta name=\"twitter:label1\" content=\"Estimation du temps de lecture\" \/>\n\t<meta name=\"twitter:data1\" content=\"3 minutes\" \/>\n<script type=\"application\/ld+json\" class=\"yoast-schema-graph\">{\"@context\":\"https:\/\/schema.org\",\"@graph\":[{\"@type\":\"WebPage\",\"@id\":\"https:\/\/morson-edge.com\/services\/\",\"url\":\"https:\/\/morson-edge.com\/services\/\",\"name\":\"Your Workforce Solutions Partner - Morson Edge\",\"isPartOf\":{\"@id\":\"https:\/\/morson-edge.com\/#website\"},\"primaryImageOfPage\":{\"@id\":\"https:\/\/morson-edge.com\/services\/#primaryimage\"},\"image\":{\"@id\":\"https:\/\/morson-edge.com\/services\/#primaryimage\"},\"thumbnailUrl\":\"\/wp-content\/uploads\/sites\/4\/2025\/10\/All-Services_Header-scaled.png\",\"datePublished\":\"2025-07-25T13:49:19+00:00\",\"dateModified\":\"2025-10-31T21:23:51+00:00\",\"description\":\"Morson Edge is the sharp end of workforce strategy. Whatever the challenge, we match it with the right model. Fast, flexible and on point.\",\"breadcrumb\":{\"@id\":\"https:\/\/morson-edge.com\/services\/#breadcrumb\"},\"inLanguage\":\"fr-CA\",\"potentialAction\":[{\"@type\":\"ReadAction\",\"target\":[\"https:\/\/morson-edge.com\/services\/\"]}]},{\"@type\":\"ImageObject\",\"inLanguage\":\"fr-CA\",\"@id\":\"https:\/\/morson-edge.com\/services\/#primaryimage\",\"url\":\"\/wp-content\/uploads\/sites\/4\/2025\/10\/All-Services_Header-scaled.png\",\"contentUrl\":\"\/wp-content\/uploads\/sites\/4\/2025\/10\/All-Services_Header-scaled.png\",\"width\":2560,\"height\":1350},{\"@type\":\"BreadcrumbList\",\"@id\":\"https:\/\/morson-edge.com\/services\/#breadcrumb\",\"itemListElement\":[{\"@type\":\"ListItem\",\"position\":1,\"name\":\"Home\",\"item\":\"https:\/\/morson-edge.com\/\"},{\"@type\":\"ListItem\",\"position\":2,\"name\":\"Services\"}]},{\"@type\":\"WebSite\",\"@id\":\"https:\/\/morson-edge.com\/#website\",\"url\":\"https:\/\/morson-edge.com\/\",\"name\":\"Morson Edge\",\"description\":\"Supplying specialist talent\",\"publisher\":{\"@id\":\"https:\/\/morson-edge.com\/#organization\"},\"potentialAction\":[{\"@type\":\"SearchAction\",\"target\":{\"@type\":\"EntryPoint\",\"urlTemplate\":\"https:\/\/morson-edge.com\/?s={search_term_string}\"},\"query-input\":{\"@type\":\"PropertyValueSpecification\",\"valueRequired\":true,\"valueName\":\"search_term_string\"}}],\"inLanguage\":\"fr-CA\"},{\"@type\":\"Organization\",\"@id\":\"https:\/\/morson-edge.com\/#organization\",\"name\":\"Morson Edge\",\"url\":\"https:\/\/morson-edge.com\/\",\"logo\":{\"@type\":\"ImageObject\",\"inLanguage\":\"fr-CA\",\"@id\":\"https:\/\/morson-edge.com\/#\/schema\/logo\/image\/\",\"url\":\"\/wp-content\/uploads\/sites\/4\/2025\/10\/Morson_Logo_EDGE_RGB-scaled.png\",\"contentUrl\":\"\/wp-content\/uploads\/sites\/4\/2025\/10\/Morson_Logo_EDGE_RGB-scaled.png\",\"width\":2560,\"height\":296,\"caption\":\"Morson Edge\"},\"image\":{\"@id\":\"https:\/\/morson-edge.com\/#\/schema\/logo\/image\/\"}}]}<\/script>\n<!-- \/ Yoast SEO plugin. -->","yoast_head_json":{"title":"Votre partenaire pour les solutions de main-d'\u0153uvre - Morson Edge","description":"Morson Edge est le point de mire de la strat\u00e9gie en mati\u00e8re de main-d'\u0153uvre. Quel que soit le d\u00e9fi \u00e0 relever, nous le faisons correspondre au mod\u00e8le ad\u00e9quat. Rapide, flexible et pertinent.","robots":{"index":"index","follow":"follow","max-snippet":"max-snippet:-1","max-image-preview":"max-image-preview:large","max-video-preview":"max-video-preview:-1"},"canonical":"https:\/\/morson-edge.com\/fr_ca\/services\/","og_locale":"fr_CA","og_type":"article","og_title":"Your Workforce Solutions Partner - Morson Edge","og_description":"Morson Edge is the sharp end of workforce strategy. Whatever the challenge, we match it with the right model. Fast, flexible and on point.","og_url":"https:\/\/morson-edge.com\/fr_ca\/services\/","og_site_name":"Morson Edge","article_modified_time":"2025-10-31T21:23:51+00:00","og_image":[{"width":1024,"height":540,"url":"https:\/\/morson-edge.com\/wp-content\/uploads\/sites\/4\/2025\/10\/All-Services_Header-1024x540.png","type":"image\/png"}],"twitter_card":"summary_large_image","twitter_misc":{"Estimation du temps de lecture":"3 minutes"},"schema":{"@context":"https:\/\/schema.org","@graph":[{"@type":"WebPage","@id":"https:\/\/morson-edge.com\/services\/","url":"https:\/\/morson-edge.com\/services\/","name":"Votre partenaire pour les solutions de main-d'\u0153uvre - Morson Edge","isPartOf":{"@id":"https:\/\/morson-edge.com\/#website"},"primaryImageOfPage":{"@id":"https:\/\/morson-edge.com\/services\/#primaryimage"},"image":{"@id":"https:\/\/morson-edge.com\/services\/#primaryimage"},"thumbnailUrl":"\/wp-content\/uploads\/sites\/4\/2025\/10\/All-Services_Header-scaled.png","datePublished":"2025-07-25T13:49:19+00:00","dateModified":"2025-10-31T21:23:51+00:00","description":"Morson Edge est le point de mire de la strat\u00e9gie en mati\u00e8re de main-d'\u0153uvre. Quel que soit le d\u00e9fi \u00e0 relever, nous le faisons correspondre au mod\u00e8le ad\u00e9quat. Rapide, flexible et pertinent.","breadcrumb":{"@id":"https:\/\/morson-edge.com\/services\/#breadcrumb"},"inLanguage":"fr-CA","potentialAction":[{"@type":"ReadAction","target":["https:\/\/morson-edge.com\/services\/"]}]},{"@type":"ImageObject","inLanguage":"fr-CA","@id":"https:\/\/morson-edge.com\/services\/#primaryimage","url":"\/wp-content\/uploads\/sites\/4\/2025\/10\/All-Services_Header-scaled.png","contentUrl":"\/wp-content\/uploads\/sites\/4\/2025\/10\/All-Services_Header-scaled.png","width":2560,"height":1350},{"@type":"BreadcrumbList","@id":"https:\/\/morson-edge.com\/services\/#breadcrumb","itemListElement":[{"@type":"ListItem","position":1,"name":"Home","item":"https:\/\/morson-edge.com\/"},{"@type":"ListItem","position":2,"name":"Services"}]},{"@type":"WebSite","@id":"https:\/\/morson-edge.com\/#website","url":"https:\/\/morson-edge.com\/","name":"Morson Edge","description":"Fournir des talents sp\u00e9cialis\u00e9s","publisher":{"@id":"https:\/\/morson-edge.com\/#organization"},"potentialAction":[{"@type":"SearchAction","target":{"@type":"EntryPoint","urlTemplate":"https:\/\/morson-edge.com\/?s={search_term_string}"},"query-input":{"@type":"PropertyValueSpecification","valueRequired":true,"valueName":"search_term_string"}}],"inLanguage":"fr-CA"},{"@type":"Organization","@id":"https:\/\/morson-edge.com\/#organization","name":"Morson Edge","url":"https:\/\/morson-edge.com\/","logo":{"@type":"ImageObject","inLanguage":"fr-CA","@id":"https:\/\/morson-edge.com\/#\/schema\/logo\/image\/","url":"\/wp-content\/uploads\/sites\/4\/2025\/10\/Morson_Logo_EDGE_RGB-scaled.png","contentUrl":"\/wp-content\/uploads\/sites\/4\/2025\/10\/Morson_Logo_EDGE_RGB-scaled.png","width":2560,"height":296,"caption":"Morson Edge"},"image":{"@id":"https:\/\/morson-edge.com\/#\/schema\/logo\/image\/"}}]}},"_links":{"self":[{"href":"https:\/\/morson-edge.com\/fr_ca\/wp-json\/wp\/v2\/pages\/205","targetHints":{"allow":["GET"]}}],"collection":[{"href":"https:\/\/morson-edge.com\/fr_ca\/wp-json\/wp\/v2\/pages"}],"about":[{"href":"https:\/\/morson-edge.com\/fr_ca\/wp-json\/wp\/v2\/types\/page"}],"author":[{"embeddable":true,"href":"https:\/\/morson-edge.com\/fr_ca\/wp-json\/wp\/v2\/users\/2"}],"replies":[{"embeddable":true,"href":"https:\/\/morson-edge.com\/fr_ca\/wp-json\/wp\/v2\/comments?post=205"}],"version-history":[{"count":34,"href":"https:\/\/morson-edge.com\/fr_ca\/wp-json\/wp\/v2\/pages\/205\/revisions"}],"predecessor-version":[{"id":31038,"href":"https:\/\/morson-edge.com\/fr_ca\/wp-json\/wp\/v2\/pages\/205\/revisions\/31038"}],"wp:featuredmedia":[{"embeddable":true,"href":"https:\/\/morson-edge.com\/fr_ca\/wp-json\/wp\/v2\/media\/30492"}],"wp:attachment":[{"href":"https:\/\/morson-edge.com\/fr_ca\/wp-json\/wp\/v2\/media?parent=205"}],"curies":[{"name":"wp","href":"https:\/\/api.w.org\/{rel}","templated":true}]}}