{"id":19,"date":"2025-07-08T15:19:00","date_gmt":"2025-07-08T14:19:00","guid":{"rendered":"https:\/\/morson-edge.com\/?page_id=19"},"modified":"2025-11-25T10:22:16","modified_gmt":"2025-11-25T10:22:16","slug":"a-propos-de-nous","status":"publish","type":"page","link":"https:\/\/morson-edge.com\/fr_ca\/a-propos-de-nous\/","title":{"rendered":"\u00c0 propos de Morson Edge"},"content":{"rendered":"<p>Morson Edge, c'est l'endroit o\u00f9 les talents intelligents rel\u00e8vent les grands d\u00e9fis. Depuis plus de cinq d\u00e9cennies, nous sommes \u00e0 l'avant-garde des solutions en mati\u00e8re de main-d'\u0153uvre, mettant en relation des personnes qualifi\u00e9es avec des projets critiques dans le monde entier. <\/p>\n\n\n\n<p>Nous ne nous contentons pas de remplir des r\u00f4les. Nous r\u00e9solvons des probl\u00e8mes. Nous fournissons les talents sp\u00e9cialis\u00e9s qui font bouger le monde et les secteurs qui comptent le plus : l'a\u00e9rospatiale, la d\u00e9fense, les infrastructures, l'\u00e9nergie, l'\u00e9lectricit\u00e9, les \u00e9nergies renouvelables et la technologie.<\/p>\n\n\n\n<p>Nous sommes renforc\u00e9s par ce qui fait notre force. Constitu\u00e9e des marques historiques Morson Talent, Bridge, Anderselite, InterQuest et Cornwallis Elt, notre profondeur sectorielle est in\u00e9gal\u00e9e.<\/p>\n\n\n\n<p><\/p>\n\n\n\n<p><\/p>","protected":false},"excerpt":{"rendered":"<p>Morson Edge is where smart talent meets big challenges. For more than five decades, we\u2019ve been at the sharp end [&hellip;]<\/p>","protected":false},"author":2,"featured_media":0,"parent":0,"menu_order":0,"comment_status":"closed","ping_status":"closed","template":"","meta":{"_acf_changed":false,"footnotes":""},"class_list":["post-19","page","type-page","status-publish","hentry"],"acf":[],"yoast_head":"<!-- This site is optimized with the Yoast SEO plugin v26.3 - https:\/\/yoast.com\/wordpress\/plugins\/seo\/ -->\n<title>About Morson Edge - Our Purpose - What We Do - Morson Edge<\/title>\n<meta name=\"description\" content=\"We help organisations stay productive. Whether it\u2019s a nuclear new build, a defence programme, or a digital transformation.\" \/>\n<meta name=\"robots\" content=\"index, follow, max-snippet:-1, max-image-preview:large, max-video-preview:-1\" \/>\n<link rel=\"canonical\" href=\"https:\/\/morson-edge.com\/fr_ca\/a-propos-de-nous\/\" \/>\n<meta property=\"og:locale\" content=\"fr_CA\" \/>\n<meta property=\"og:type\" content=\"article\" \/>\n<meta property=\"og:title\" content=\"About Morson Edge - Our Purpose - What We Do - Morson Edge\" \/>\n<meta property=\"og:description\" content=\"We help organisations stay productive. Whether it\u2019s a nuclear new build, a defence programme, or a digital transformation.\" \/>\n<meta property=\"og:url\" content=\"https:\/\/morson-edge.com\/fr_ca\/a-propos-de-nous\/\" \/>\n<meta property=\"og:site_name\" content=\"Morson Edge\" \/>\n<meta property=\"article:modified_time\" content=\"2025-11-25T10:22:16+00:00\" \/>\n<meta name=\"twitter:card\" content=\"summary_large_image\" \/>\n<meta name=\"twitter:label1\" content=\"Estimation du temps de lecture\" \/>\n\t<meta name=\"twitter:data1\" content=\"1 minute\" \/>\n<script type=\"application\/ld+json\" class=\"yoast-schema-graph\">{\"@context\":\"https:\/\/schema.org\",\"@graph\":[{\"@type\":\"WebPage\",\"@id\":\"https:\/\/morson-edge.com\/about-us\/\",\"url\":\"https:\/\/morson-edge.com\/about-us\/\",\"name\":\"About Morson Edge - Our Purpose - What We Do - Morson Edge\",\"isPartOf\":{\"@id\":\"https:\/\/morson-edge.com\/#website\"},\"datePublished\":\"2025-07-08T14:19:00+00:00\",\"dateModified\":\"2025-11-25T10:22:16+00:00\",\"description\":\"We help organisations stay productive. Whether it\u2019s a nuclear new build, a defence programme, or a digital transformation.\",\"breadcrumb\":{\"@id\":\"https:\/\/morson-edge.com\/about-us\/#breadcrumb\"},\"inLanguage\":\"fr-CA\",\"potentialAction\":[{\"@type\":\"ReadAction\",\"target\":[\"https:\/\/morson-edge.com\/about-us\/\"]}]},{\"@type\":\"BreadcrumbList\",\"@id\":\"https:\/\/morson-edge.com\/about-us\/#breadcrumb\",\"itemListElement\":[{\"@type\":\"ListItem\",\"position\":1,\"name\":\"Home\",\"item\":\"https:\/\/morson-edge.com\/\"},{\"@type\":\"ListItem\",\"position\":2,\"name\":\"About Morson Edge\"}]},{\"@type\":\"WebSite\",\"@id\":\"https:\/\/morson-edge.com\/#website\",\"url\":\"https:\/\/morson-edge.com\/\",\"name\":\"Morson Edge\",\"description\":\"Supplying specialist talent\",\"publisher\":{\"@id\":\"https:\/\/morson-edge.com\/#organization\"},\"potentialAction\":[{\"@type\":\"SearchAction\",\"target\":{\"@type\":\"EntryPoint\",\"urlTemplate\":\"https:\/\/morson-edge.com\/?s={search_term_string}\"},\"query-input\":{\"@type\":\"PropertyValueSpecification\",\"valueRequired\":true,\"valueName\":\"search_term_string\"}}],\"inLanguage\":\"fr-CA\"},{\"@type\":\"Organization\",\"@id\":\"https:\/\/morson-edge.com\/#organization\",\"name\":\"Morson Edge\",\"url\":\"https:\/\/morson-edge.com\/\",\"logo\":{\"@type\":\"ImageObject\",\"inLanguage\":\"fr-CA\",\"@id\":\"https:\/\/morson-edge.com\/#\/schema\/logo\/image\/\",\"url\":\"\/wp-content\/uploads\/sites\/4\/2025\/10\/Morson_Logo_EDGE_RGB-scaled.png\",\"contentUrl\":\"\/wp-content\/uploads\/sites\/4\/2025\/10\/Morson_Logo_EDGE_RGB-scaled.png\",\"width\":2560,\"height\":296,\"caption\":\"Morson Edge\"},\"image\":{\"@id\":\"https:\/\/morson-edge.com\/#\/schema\/logo\/image\/\"}}]}<\/script>\n<!-- \/ Yoast SEO plugin. -->","yoast_head_json":{"title":"A propos de Morson Edge - Notre objectif - Ce que nous faisons - Morson Edge","description":"Nous aidons les organisations \u00e0 rester productives. Qu'il s'agisse d'une nouvelle construction nucl\u00e9aire, d'un programme de d\u00e9fense ou d'une transformation num\u00e9rique.","robots":{"index":"index","follow":"follow","max-snippet":"max-snippet:-1","max-image-preview":"max-image-preview:large","max-video-preview":"max-video-preview:-1"},"canonical":"https:\/\/morson-edge.com\/fr_ca\/a-propos-de-nous\/","og_locale":"fr_CA","og_type":"article","og_title":"About Morson Edge - Our Purpose - What We Do - Morson Edge","og_description":"We help organisations stay productive. Whether it\u2019s a nuclear new build, a defence programme, or a digital transformation.","og_url":"https:\/\/morson-edge.com\/fr_ca\/a-propos-de-nous\/","og_site_name":"Morson Edge","article_modified_time":"2025-11-25T10:22:16+00:00","twitter_card":"summary_large_image","twitter_misc":{"Estimation du temps de lecture":"1 minute"},"schema":{"@context":"https:\/\/schema.org","@graph":[{"@type":"WebPage","@id":"https:\/\/morson-edge.com\/about-us\/","url":"https:\/\/morson-edge.com\/about-us\/","name":"A propos de Morson Edge - Notre objectif - Ce que nous faisons - Morson Edge","isPartOf":{"@id":"https:\/\/morson-edge.com\/#website"},"datePublished":"2025-07-08T14:19:00+00:00","dateModified":"2025-11-25T10:22:16+00:00","description":"Nous aidons les organisations \u00e0 rester productives. Qu'il s'agisse d'une nouvelle construction nucl\u00e9aire, d'un programme de d\u00e9fense ou d'une transformation num\u00e9rique.","breadcrumb":{"@id":"https:\/\/morson-edge.com\/about-us\/#breadcrumb"},"inLanguage":"fr-CA","potentialAction":[{"@type":"ReadAction","target":["https:\/\/morson-edge.com\/about-us\/"]}]},{"@type":"BreadcrumbList","@id":"https:\/\/morson-edge.com\/about-us\/#breadcrumb","itemListElement":[{"@type":"ListItem","position":1,"name":"Home","item":"https:\/\/morson-edge.com\/"},{"@type":"ListItem","position":2,"name":"About Morson Edge"}]},{"@type":"WebSite","@id":"https:\/\/morson-edge.com\/#website","url":"https:\/\/morson-edge.com\/","name":"Morson Edge","description":"Fournir des talents sp\u00e9cialis\u00e9s","publisher":{"@id":"https:\/\/morson-edge.com\/#organization"},"potentialAction":[{"@type":"SearchAction","target":{"@type":"EntryPoint","urlTemplate":"https:\/\/morson-edge.com\/?s={search_term_string}"},"query-input":{"@type":"PropertyValueSpecification","valueRequired":true,"valueName":"search_term_string"}}],"inLanguage":"fr-CA"},{"@type":"Organization","@id":"https:\/\/morson-edge.com\/#organization","name":"Morson Edge","url":"https:\/\/morson-edge.com\/","logo":{"@type":"ImageObject","inLanguage":"fr-CA","@id":"https:\/\/morson-edge.com\/#\/schema\/logo\/image\/","url":"\/wp-content\/uploads\/sites\/4\/2025\/10\/Morson_Logo_EDGE_RGB-scaled.png","contentUrl":"\/wp-content\/uploads\/sites\/4\/2025\/10\/Morson_Logo_EDGE_RGB-scaled.png","width":2560,"height":296,"caption":"Morson Edge"},"image":{"@id":"https:\/\/morson-edge.com\/#\/schema\/logo\/image\/"}}]}},"_links":{"self":[{"href":"https:\/\/morson-edge.com\/fr_ca\/wp-json\/wp\/v2\/pages\/19","targetHints":{"allow":["GET"]}}],"collection":[{"href":"https:\/\/morson-edge.com\/fr_ca\/wp-json\/wp\/v2\/pages"}],"about":[{"href":"https:\/\/morson-edge.com\/fr_ca\/wp-json\/wp\/v2\/types\/page"}],"author":[{"embeddable":true,"href":"https:\/\/morson-edge.com\/fr_ca\/wp-json\/wp\/v2\/users\/2"}],"replies":[{"embeddable":true,"href":"https:\/\/morson-edge.com\/fr_ca\/wp-json\/wp\/v2\/comments?post=19"}],"version-history":[{"count":104,"href":"https:\/\/morson-edge.com\/fr_ca\/wp-json\/wp\/v2\/pages\/19\/revisions"}],"predecessor-version":[{"id":31511,"href":"https:\/\/morson-edge.com\/fr_ca\/wp-json\/wp\/v2\/pages\/19\/revisions\/31511"}],"wp:attachment":[{"href":"https:\/\/morson-edge.com\/fr_ca\/wp-json\/wp\/v2\/media?parent=19"}],"curies":[{"name":"wp","href":"https:\/\/api.w.org\/{rel}","templated":true}]}}